{"id":106,"date":"2025-10-12T05:48:16","date_gmt":"2025-10-12T05:48:16","guid":{"rendered":"https:\/\/olylife.international\/?post_type=product&#038;p=106"},"modified":"2026-01-26T08:58:36","modified_gmt":"2026-01-26T08:58:36","slug":"olylife-pemf-thz-tera-p90","status":"publish","type":"product","link":"https:\/\/olylife.international\/es\/producto\/olylife-pemf-thz-tera-p90\/","title":{"rendered":"Dispositivo de terapia OlyLife PEMF THz Tera-P90 | Masajeador inteligente de PEMF y frecuencia de terahercios"},"content":{"rendered":"<h2>Una soluci\u00f3n innovadora para el apoyo integral a la salud<\/h2>\n<p>La m\u00e1quina de terapia PEMF THz Tera-P90 de OlyLife es su puerta de entrada a una terapia avanzada y no invasiva dise\u00f1ada para mejorar su bienestar general. Aprovechando el poder de la energ\u00eda magn\u00e9tica de bioimitaci\u00f3n combinada con la tecnolog\u00eda de ondas de terahercios, este dispositivo de vanguardia ofrece profundos beneficios para la salud, desde una mejor circulaci\u00f3n hasta mejoras cognitivas. Ya sea que sufra de inflamaci\u00f3n, estr\u00e9s o simplemente desee optimizar las funciones naturales de su cuerpo, esta m\u00e1quina le ofrece apoyo hol\u00edstico adaptado a sus diversas necesidades.<\/p>\n<h2>Beneficios clave para la salud y el bienestar diario<\/h2>\n<p><b>Promoviendo una circulaci\u00f3n saludable:<\/b> Al estimular el flujo sangu\u00edneo y mejorar la funci\u00f3n vascular, el THz Tera-P90 garantiza un suministro eficiente de ox\u00edgeno y nutrientes a los tejidos y \u00f3rganos. Esta mejora espec\u00edfica es beneficiosa para quienes padecen problemas circulatorios o buscan una mayor vitalidad f\u00edsica. Una mejor circulaci\u00f3n tambi\u00e9n favorece una cicatrizaci\u00f3n m\u00e1s r\u00e1pida de las heridas y una eliminaci\u00f3n m\u00e1s eficaz de toxinas, lo que contribuye a un entorno interno m\u00e1s saludable.<\/p>\n<p><b>Manteniendo niveles equilibrados de inflamaci\u00f3n:<\/b> El dolor cr\u00f3nico y la hinchaz\u00f3n suelen deberse a una inflamaci\u00f3n excesiva. El THz Tera-P90 regula las respuestas inflamatorias del cuerpo, lo que facilita el alivio del dolor y la movilidad. La reducci\u00f3n de la inflamaci\u00f3n minimiza las molestias, permitiendo a las personas retomar sus actividades f\u00edsicas diarias.<\/p>\n<p><b>Regulaci\u00f3n del estr\u00e9s y las respuestas del sistema nervioso:<\/b> La energ\u00eda magn\u00e9tica de bioimitaci\u00f3n calmante que ofrece el dispositivo ayuda a aliviar los s\u00edntomas de ansiedad, promoviendo el equilibrio emocional y la claridad mental. Con niveles de estr\u00e9s reducidos, los usuarios pueden experimentar una mejor calidad de sue\u00f1o y una mayor relajaci\u00f3n para contrarrestar las exigencias de un estilo de vida exigente.<\/p>\n<h2>Soporte celular y cognitivo avanzado<\/h2>\n<p><b>Mejora de la funci\u00f3n celular:<\/b> El THz Tera-P90 emplea ondas electromagn\u00e9ticas para estimular la regeneraci\u00f3n celular y los procesos de reparaci\u00f3n. Al optimizar el metabolismo celular y promover la desintoxicaci\u00f3n, el dispositivo refuerza la vitalidad y la resiliencia del cuerpo. Su uso regular promueve un funcionamiento corporal m\u00e1s eficiente desde el nivel celular.<\/p>\n<p><b>Salud cerebral y excelencia cognitiva:<\/b> La mejor circulaci\u00f3n sangu\u00ednea facilitada por la m\u00e1quina garantiza que el cerebro reciba niveles \u00f3ptimos de ox\u00edgeno y nutrientes vitales. Esto mejora las funciones cognitivas, como una memoria m\u00e1s aguda, mayor concentraci\u00f3n y capacidad para resolver problemas. Las capacidades neuroprotectoras reducen a\u00fan m\u00e1s el riesgo de deterioro cognitivo y favorecen una actividad neuronal saludable.<\/p>\n<h2>Bienestar hol\u00edstico para todos los estilos de vida<\/h2>\n<p><b>Salud cardiovascular:<\/b> Con el uso regular, el THz Tera-P90 favorece una presi\u00f3n arterial m\u00e1s saludable y reduce el estr\u00e9s card\u00edaco. Esto lo convierte en un complemento invaluable para quienes buscan promover la longevidad y la estabilidad cardiovascular. Los beneficios de reducci\u00f3n del estr\u00e9s tambi\u00e9n se extienden a una mejor utilizaci\u00f3n del ox\u00edgeno y a la salud card\u00edaca general.<\/p>\n<p><b>Refuerzo del sistema inmunol\u00f3gico:<\/b> La colaboraci\u00f3n entre tecnolog\u00edas electromagn\u00e9ticas y magn\u00e9ticas mejora la salud celular, permitiendo que el sistema inmunitario combata las enfermedades con mayor eficacia. La recuperaci\u00f3n m\u00e1s r\u00e1pida de lesiones o enfermedades subraya la eficacia terap\u00e9utica del dispositivo.<\/p>\n<p><b>Aplicaciones vers\u00e1tiles:<\/b> Desde ayudar a atletas en la recuperaci\u00f3n de lesiones hasta apoyar el manejo del dolor cr\u00f3nico, el THz Tera-P90 se adapta a diversos objetivos de bienestar. Ofrece beneficios consistentes para usuarios de todas las edades, lo que lo hace ideal para las rutinas de cuidado de la salud familiar.<\/p>\n<p><b>Caracter\u00edsticas adicionales:<\/b> Las mejoras en la salud \u00f3sea, la regeneraci\u00f3n radiante de la piel y el apoyo al equilibrio hormonal completan las capacidades integrales del dispositivo, permitiendo a los usuarios lograr alivio a corto plazo y vitalidad a largo plazo.<\/p>\n<p>La m\u00e1quina de terapia PEMF THz Tera-P90 de OlyLife es m\u00e1s que un simple dispositivo de terapia: es un aliado en su camino hacia un estilo de vida m\u00e1s saludable y equilibrado. Incorpore esta revolucionaria m\u00e1quina a su rutina de bienestar para liberar su potencial transformador en las dimensiones f\u00edsica, emocional y cognitiva.<\/p>","protected":false},"excerpt":{"rendered":"<p data-start=\"300\" data-end=\"693\">Un dispositivo revolucionario que fusiona <strong data-start=\"420\" data-end=\"448\">Energ\u00eda biomagn\u00e9tica PEMF<\/strong> con <strong data-start=\"454\" data-end=\"483\">Tecnolog\u00eda de ondas de terahercios<\/strong> Para restaurar el equilibrio y la vitalidad en todo el cuerpo. Esta innovaci\u00f3n de doble frecuencia apoya el proceso natural de curaci\u00f3n a nivel celular, ayud\u00e1ndote a sentirte m\u00e1s fuerte, m\u00e1s tranquilo y con m\u00e1s energ\u00eda cada d\u00eda.<\/p>\n<p data-start=\"695\" data-end=\"726\"><strong data-start=\"695\" data-end=\"726\">Los beneficios potenciales incluyen:<\/strong><\/p>\n<ul data-start=\"727\" data-end=\"1138\">\n<li data-start=\"727\" data-end=\"769\">\n<p data-start=\"729\" data-end=\"769\">Promueve <strong data-start=\"738\" data-end=\"767\">circulaci\u00f3n sangu\u00ednea saludable<\/strong><\/p>\n<\/li>\n<li data-start=\"770\" data-end=\"819\">\n<p data-start=\"772\" data-end=\"819\">Apoya el cuerpo <strong data-start=\"792\" data-end=\"817\">respuesta inflamatoria<\/strong><\/p>\n<\/li>\n<li data-start=\"820\" data-end=\"868\">\n<p data-start=\"822\" data-end=\"868\">Ayuda en <strong data-start=\"830\" data-end=\"866\">regulaci\u00f3n del estr\u00e9s y relajaci\u00f3n<\/strong><\/p>\n<\/li>\n<li data-start=\"958\" data-end=\"995\">\n<p data-start=\"960\" data-end=\"995\">Fortalece la <strong data-start=\"976\" data-end=\"993\">sistema inmunitario<\/strong><\/p>\n<\/li>\n<\/ul>","protected":false},"featured_media":109,"comment_status":"open","ping_status":"closed","template":"","meta":{"_kad_blocks_custom_css":"","_kad_blocks_head_custom_js":"","_kad_blocks_body_custom_js":"","_kad_blocks_footer_custom_js":"","_kadence_starter_templates_imported_post":false,"_kad_post_transparent":"default","_kad_post_title":"","_kad_post_layout":"default","_kad_post_sidebar_id":"","_kad_post_content_style":"default","_kad_post_vertical_padding":"default","_kad_post_feature":"","_kad_post_feature_position":"","_kad_post_header":false,"_kad_post_footer":false},"product_brand":[],"product_cat":[55],"product_tag":[],"class_list":{"0":"post-106","1":"product","2":"type-product","3":"status-publish","4":"has-post-thumbnail","6":"product_cat-pemf","7":"product_shipping_class-all-products","9":"first","10":"instock","11":"featured","12":"shipping-taxable","13":"purchasable","14":"product-type-simple","15":"entry","16":"content-bg","17":"loop-entry"},"taxonomy_info":{"product_cat":[{"value":55,"label":"PEMF"}]},"featured_image_src_large":["https:\/\/olylife.international\/wp-content\/uploads\/2025\/10\/olylife-p90-tera.jpg",800,625,false],"author_info":[],"comment_info":0,"_links":{"self":[{"href":"https:\/\/olylife.international\/es\/wp-json\/wp\/v2\/product\/106","targetHints":{"allow":["GET"]}}],"collection":[{"href":"https:\/\/olylife.international\/es\/wp-json\/wp\/v2\/product"}],"about":[{"href":"https:\/\/olylife.international\/es\/wp-json\/wp\/v2\/types\/product"}],"replies":[{"embeddable":true,"href":"https:\/\/olylife.international\/es\/wp-json\/wp\/v2\/comments?post=106"}],"wp:featuredmedia":[{"embeddable":true,"href":"https:\/\/olylife.international\/es\/wp-json\/wp\/v2\/media\/109"}],"wp:attachment":[{"href":"https:\/\/olylife.international\/es\/wp-json\/wp\/v2\/media?parent=106"}],"wp:term":[{"taxonomy":"product_brand","embeddable":true,"href":"https:\/\/olylife.international\/es\/wp-json\/wp\/v2\/product_brand?post=106"},{"taxonomy":"product_cat","embeddable":true,"href":"https:\/\/olylife.international\/es\/wp-json\/wp\/v2\/product_cat?post=106"},{"taxonomy":"product_tag","embeddable":true,"href":"https:\/\/olylife.international\/es\/wp-json\/wp\/v2\/product_tag?post=106"}],"curies":[{"name":"wp","href":"https:\/\/api.w.org\/{rel}","templated":true}]}}