{"id":106,"date":"2025-10-12T05:48:16","date_gmt":"2025-10-12T05:48:16","guid":{"rendered":"https:\/\/olylife.international\/?post_type=product&#038;p=106"},"modified":"2026-01-26T08:58:36","modified_gmt":"2026-01-26T08:58:36","slug":"olylife-pemf-thz-tera-p90","status":"publish","type":"product","link":"https:\/\/olylife.international\/vn\/product\/olylife-pemf-thz-tera-p90\/","title":{"rendered":"Thi\u1ebft b\u1ecb tr\u1ecb li\u1ec7u OlyLife PEMF THz Tera-P90 | M\u00e1y m\u00e1t-xa th\u00f4ng minh PEMF v\u00e0 t\u1ea7n s\u1ed1 Terahertz"},"content":{"rendered":"<h2>M\u1ed9t gi\u1ea3i ph\u00e1p s\u00e1ng t\u1ea1o cho h\u1ed7 tr\u1ee3 s\u1ee9c kh\u1ecfe to\u00e0n di\u1ec7n<\/h2>\n<p>M\u00e1y tr\u1ecb li\u1ec7u PEMF OlyLife THz Tera-P90 l\u00e0 c\u00e1nh c\u1ed5ng d\u1eabn \u0111\u1ebfn li\u1ec7u ph\u00e1p ti\u00ean ti\u1ebfn, kh\u00f4ng x\u00e2m l\u1ea5n, \u0111\u01b0\u1ee3c thi\u1ebft k\u1ebf \u0111\u1ec3 n\u00e2ng cao s\u1ee9c kh\u1ecfe t\u1ed5ng th\u1ec3 c\u1ee7a b\u1ea1n. Khai th\u00e1c s\u1ee9c m\u1ea1nh c\u1ee7a n\u0103ng l\u01b0\u1ee3ng t\u1eeb tr\u01b0\u1eddng m\u00f4 ph\u1ecfng sinh h\u1ecdc k\u1ebft h\u1ee3p v\u1edbi c\u00f4ng ngh\u1ec7 s\u00f3ng Terahertz, thi\u1ebft b\u1ecb ti\u00ean ti\u1ebfn n\u00e0y mang l\u1ea1i nh\u1eefng l\u1ee3i \u00edch s\u1ee9c kh\u1ecfe s\u00e2u s\u1eafc, t\u1eeb c\u1ea3i thi\u1ec7n tu\u1ea7n ho\u00e0n m\u00e1u \u0111\u1ebfn c\u1ea3i thi\u1ec7n nh\u1eadn th\u1ee9c. Cho d\u00f9 b\u1ea1n \u0111ang ph\u1ea3i \u0111\u1ed1i m\u1eb7t v\u1edbi t\u00ecnh tr\u1ea1ng vi\u00eam nhi\u1ec5m, c\u0103ng th\u1eb3ng, hay \u0111\u01a1n gi\u1ea3n l\u00e0 mu\u1ed1n t\u1ed1i \u01b0u h\u00f3a c\u00e1c ch\u1ee9c n\u0103ng t\u1ef1 nhi\u00ean c\u1ee7a c\u01a1 th\u1ec3, thi\u1ebft b\u1ecb n\u00e0y cung c\u1ea5p h\u1ed7 tr\u1ee3 to\u00e0n di\u1ec7n, ph\u00f9 h\u1ee3p v\u1edbi nhi\u1ec1u nhu c\u1ea7u kh\u00e1c nhau.<\/p>\n<h2>L\u1ee3i \u00edch s\u1ee9c kh\u1ecfe quan tr\u1ecdng cho s\u1ee9c kh\u1ecfe h\u00e0ng ng\u00e0y<\/h2>\n<p><b>Th\u00fac \u0111\u1ea9y tu\u1ea7n ho\u00e0n m\u00e1u kh\u1ecfe m\u1ea1nh:<\/b> B\u1eb1ng c\u00e1ch k\u00edch th\u00edch l\u01b0u l\u01b0\u1ee3ng m\u00e1u v\u00e0 c\u1ea3i thi\u1ec7n ch\u1ee9c n\u0103ng m\u1ea1ch m\u00e1u, THz Tera-P90 \u0111\u1ea3m b\u1ea3o cung c\u1ea5p oxy v\u00e0 ch\u1ea5t dinh d\u01b0\u1ee1ng hi\u1ec7u qu\u1ea3 \u0111\u1ebfn c\u00e1c m\u00f4 v\u00e0 c\u01a1 quan. S\u1ef1 c\u1ea3i thi\u1ec7n c\u00f3 m\u1ee5c ti\u00eau n\u00e0y mang l\u1ea1i l\u1ee3i \u00edch cho b\u1ea5t k\u1ef3 ai \u0111ang g\u1eb7p v\u1ea5n \u0111\u1ec1 v\u1ec1 tu\u1ea7n ho\u00e0n ho\u1eb7c mu\u1ed1n t\u0103ng c\u01b0\u1eddng s\u1ee9c s\u1ed1ng th\u1ec3 ch\u1ea5t. Tu\u1ea7n ho\u00e0n m\u00e1u \u0111\u01b0\u1ee3c c\u1ea3i thi\u1ec7n c\u0169ng h\u1ed7 tr\u1ee3 v\u1ebft th\u01b0\u01a1ng mau l\u00e0nh h\u01a1n v\u00e0 lo\u1ea1i b\u1ecf \u0111\u1ed9c t\u1ed1 hi\u1ec7u qu\u1ea3 h\u01a1n, mang l\u1ea1i m\u00f4i tr\u01b0\u1eddng b\u00ean trong kh\u1ecfe m\u1ea1nh h\u01a1n.<\/p>\n<p><b>H\u1ed7 tr\u1ee3 m\u1ee9c \u0111\u1ed9 vi\u00eam c\u00e2n b\u1eb1ng:<\/b> \u0110au v\u00e0 s\u01b0ng m\u00e3n t\u00ednh th\u01b0\u1eddng b\u1eaft ngu\u1ed3n t\u1eeb t\u00ecnh tr\u1ea1ng vi\u00eam qu\u00e1 m\u1ee9c. THz Tera-P90 ho\u1ea1t \u0111\u1ed9ng \u0111\u1ec3 \u0111i\u1ec1u ch\u1ec9nh c\u00e1c ph\u1ea3n \u1ee9ng vi\u00eam trong c\u01a1 th\u1ec3, h\u1ed7 tr\u1ee3 gi\u1ea3m \u0111au v\u00e0 v\u1eadn \u0111\u1ed9ng t\u1ef1 nhi\u00ean. Gi\u1ea3m vi\u00eam gi\u00fap gi\u1ea3m thi\u1ec3u kh\u00f3 ch\u1ecbu, gi\u00fap ng\u01b0\u1eddi b\u1ec7nh l\u1ea5y l\u1ea1i n\u0103ng l\u01b0\u1ee3ng cho c\u00e1c ho\u1ea1t \u0111\u1ed9ng th\u1ec3 ch\u1ea5t h\u00e0ng ng\u00e0y.<\/p>\n<p><b>\u0110i\u1ec1u ch\u1ec9nh c\u0103ng th\u1eb3ng v\u00e0 ph\u1ea3n \u1ee9ng c\u1ee7a h\u1ec7 th\u1ea7n kinh:<\/b> N\u0103ng l\u01b0\u1ee3ng t\u1eeb t\u00ednh m\u00f4 ph\u1ecfng sinh h\u1ecdc \u00eam d\u1ecbu do thi\u1ebft b\u1ecb mang l\u1ea1i gi\u00fap gi\u1ea3m c\u00e1c tri\u1ec7u ch\u1ee9ng lo \u00e2u, th\u00fac \u0111\u1ea9y s\u1ef1 c\u00e2n b\u1eb1ng c\u1ea3m x\u00fac v\u00e0 s\u1ef1 minh m\u1eabn tinh th\u1ea7n. V\u1edbi m\u1ee9c \u0111\u1ed9 c\u0103ng th\u1eb3ng gi\u1ea3m xu\u1ed1ng, ng\u01b0\u1eddi d\u00f9ng c\u00f3 th\u1ec3 tr\u1ea3i nghi\u1ec7m ch\u1ea5t l\u01b0\u1ee3ng gi\u1ea5c ng\u1ee7 t\u1ed1t h\u01a1n v\u00e0 th\u01b0 gi\u00e3n h\u01a1n, ch\u1ed1ng l\u1ea1i s\u1ef1 kh\u1eafc nghi\u1ec7t c\u1ee7a l\u1ed1i s\u1ed1ng b\u1eadn r\u1ed9n.<\/p>\n<h2>H\u1ed7 tr\u1ee3 di \u0111\u1ed9ng v\u00e0 nh\u1eadn th\u1ee9c n\u00e2ng cao<\/h2>\n<p><b>T\u0103ng c\u01b0\u1eddng ch\u1ee9c n\u0103ng t\u1ebf b\u00e0o:<\/b> THz Tera-P90 s\u1eed d\u1ee5ng s\u00f3ng \u0111i\u1ec7n t\u1eeb \u0111\u1ec3 k\u00edch th\u00edch qu\u00e1 tr\u00ecnh t\u00e1i t\u1ea1o v\u00e0 s\u1eeda ch\u1eefa t\u1ebf b\u00e0o. B\u1eb1ng c\u00e1ch t\u1ed1i \u01b0u h\u00f3a qu\u00e1 tr\u00ecnh trao \u0111\u1ed5i ch\u1ea5t c\u1ee7a t\u1ebf b\u00e0o v\u00e0 th\u00fac \u0111\u1ea9y qu\u00e1 tr\u00ecnh gi\u1ea3i \u0111\u1ed9c, thi\u1ebft b\u1ecb n\u00e0y t\u0103ng c\u01b0\u1eddng s\u1ee9c s\u1ed1ng v\u00e0 kh\u1ea3 n\u0103ng ph\u1ee5c h\u1ed3i c\u1ee7a c\u01a1 th\u1ec3. S\u1eed d\u1ee5ng th\u01b0\u1eddng xuy\u00ean gi\u00fap c\u00e1c ch\u1ee9c n\u0103ng c\u01a1 th\u1ec3 ho\u1ea1t \u0111\u1ed9ng tr\u01a1n tru h\u01a1n t\u1eeb c\u1ea5p \u0111\u1ed9 t\u1ebf b\u00e0o tr\u1edf l\u00ean.<\/p>\n<p><b>S\u1ee9c kh\u1ecfe n\u00e3o b\u1ed9 v\u00e0 s\u1ef1 xu\u1ea5t s\u1eafc v\u1ec1 nh\u1eadn th\u1ee9c:<\/b> Vi\u1ec7c c\u1ea3i thi\u1ec7n l\u01b0u th\u00f4ng m\u00e1u nh\u1edd m\u00e1y \u0111\u1ea3m b\u1ea3o n\u00e3o nh\u1eadn \u0111\u01b0\u1ee3c l\u01b0\u1ee3ng oxy v\u00e0 ch\u1ea5t dinh d\u01b0\u1ee1ng thi\u1ebft y\u1ebfu t\u1ed1i \u01b0u. \u0110i\u1ec1u n\u00e0y d\u1eabn \u0111\u1ebfn c\u00e1c ch\u1ee9c n\u0103ng nh\u1eadn th\u1ee9c \u0111\u01b0\u1ee3c c\u1ea3i thi\u1ec7n nh\u01b0 tr\u00ed nh\u1edb s\u1eafc b\u00e9n h\u01a1n, kh\u1ea3 n\u0103ng t\u1eadp trung v\u00e0 kh\u1ea3 n\u0103ng gi\u1ea3i quy\u1ebft v\u1ea5n \u0111\u1ec1. Kh\u1ea3 n\u0103ng b\u1ea3o v\u1ec7 th\u1ea7n kinh gi\u00fap gi\u1ea3m thi\u1ec3u nguy c\u01a1 suy gi\u1ea3m nh\u1eadn th\u1ee9c v\u00e0 h\u1ed7 tr\u1ee3 ho\u1ea1t \u0111\u1ed9ng th\u1ea7n kinh kh\u1ecfe m\u1ea1nh.<\/p>\n<h2>S\u1ee9c kh\u1ecfe to\u00e0n di\u1ec7n cho m\u1ecdi l\u1ed1i s\u1ed1ng<\/h2>\n<p><b>S\u1ee9c kh\u1ecfe tim m\u1ea1ch:<\/b> Khi s\u1eed d\u1ee5ng th\u01b0\u1eddng xuy\u00ean, THz Tera-P90 h\u1ed7 tr\u1ee3 m\u1ee9c huy\u1ebft \u00e1p kh\u1ecfe m\u1ea1nh h\u01a1n v\u00e0 gi\u1ea3m c\u0103ng th\u1eb3ng cho tim. \u0110i\u1ec1u n\u00e0y l\u00e0m cho n\u00f3 tr\u1edf th\u00e0nh m\u1ed9t b\u1ed5 sung v\u00f4 gi\u00e1 cho nh\u1eefng ng\u01b0\u1eddi mu\u1ed1n t\u0103ng c\u01b0\u1eddng tu\u1ed5i th\u1ecd v\u00e0 \u1ed5n \u0111\u1ecbnh tim m\u1ea1ch. L\u1ee3i \u00edch gi\u1ea3m c\u0103ng th\u1eb3ng c\u0169ng m\u1edf r\u1ed9ng \u0111\u1ebfn vi\u1ec7c c\u1ea3i thi\u1ec7n vi\u1ec7c s\u1eed d\u1ee5ng oxy v\u00e0 s\u1ee9c kh\u1ecfe tim m\u1ea1ch t\u1ed5ng th\u1ec3.<\/p>\n<p><b>T\u0103ng c\u01b0\u1eddng h\u1ec7 th\u1ed1ng mi\u1ec5n d\u1ecbch:<\/b> S\u1ef1 k\u1ebft h\u1ee3p gi\u1eefa c\u00f4ng ngh\u1ec7 \u0111i\u1ec7n t\u1eeb v\u00e0 t\u1eeb t\u00ednh gi\u00fap t\u0103ng c\u01b0\u1eddng s\u1ee9c kh\u1ecfe t\u1ebf b\u00e0o, cho ph\u00e9p h\u1ec7 mi\u1ec5n d\u1ecbch ch\u1ed1ng l\u1ea1i b\u1ec7nh t\u1eadt hi\u1ec7u qu\u1ea3 h\u01a1n. Th\u1eddi gian ph\u1ee5c h\u1ed3i nhanh h\u01a1n sau ch\u1ea5n th\u01b0\u01a1ng ho\u1eb7c b\u1ec7nh t\u1eadt c\u00e0ng kh\u1eb3ng \u0111\u1ecbnh hi\u1ec7u qu\u1ea3 \u0111i\u1ec1u tr\u1ecb c\u1ee7a thi\u1ebft b\u1ecb.<\/p>\n<p><b>\u1ee8ng d\u1ee5ng \u0111a n\u0103ng:<\/b> T\u1eeb vi\u1ec7c h\u1ed7 tr\u1ee3 v\u1eadn \u0111\u1ed9ng vi\u00ean ph\u1ee5c h\u1ed3i ch\u1ea5n th\u01b0\u01a1ng \u0111\u1ebfn h\u1ed7 tr\u1ee3 ki\u1ec3m so\u00e1t c\u01a1n \u0111au m\u00e3n t\u00ednh, THz Tera-P90 \u0111\u00e1p \u1ee9ng \u0111a d\u1ea1ng c\u00e1c m\u1ee5c ti\u00eau ch\u0103m s\u00f3c s\u1ee9c kh\u1ecfe. Thi\u1ebft b\u1ecb mang l\u1ea1i l\u1ee3i \u00edch nh\u1ea5t qu\u00e1n cho ng\u01b0\u1eddi d\u00f9ng \u1edf m\u1ecdi l\u1ee9a tu\u1ed5i, l\u00fd t\u01b0\u1edfng cho c\u00e1c quy tr\u00ecnh ch\u0103m s\u00f3c s\u1ee9c kh\u1ecfe gia \u0111\u00ecnh.<\/p>\n<p><b>C\u00e1c t\u00ednh n\u0103ng b\u1ed5 sung:<\/b> C\u1ea3i thi\u1ec7n s\u1ee9c kh\u1ecfe x\u01b0\u01a1ng, t\u00e1i t\u1ea1o l\u00e0n da r\u1ea1ng r\u1ee1 v\u00e0 h\u1ed7 tr\u1ee3 c\u00e2n b\u1eb1ng n\u1ed9i ti\u1ebft t\u1ed1 l\u00e0 nh\u1eefng t\u00ednh n\u0103ng to\u00e0n di\u1ec7n c\u1ee7a thi\u1ebft b\u1ecb, gi\u00fap ng\u01b0\u1eddi d\u00f9ng \u0111\u1ea1t \u0111\u01b0\u1ee3c s\u1ef1 tho\u1ea3i m\u00e1i trong th\u1eddi gian ng\u1eafn v\u00e0 s\u1ee9c s\u1ed1ng l\u00e2u d\u00e0i.<\/p>\n<p>M\u00e1y tr\u1ecb li\u1ec7u OlyLife PEMF THz Tera-P90 kh\u00f4ng ch\u1ec9 l\u00e0 m\u1ed9t thi\u1ebft b\u1ecb tr\u1ecb li\u1ec7u \u2013 n\u00f3 c\u00f2n l\u00e0 ng\u01b0\u1eddi b\u1ea1n \u0111\u1ed3ng h\u00e0nh tr\u00ean h\u00e0nh tr\u00ecnh h\u01b0\u1edbng t\u1edbi m\u1ed9t l\u1ed1i s\u1ed1ng l\u00e0nh m\u1ea1nh v\u00e0 c\u00e2n b\u1eb1ng h\u01a1n. H\u00e3y k\u1ebft h\u1ee3p chi\u1ebfc m\u00e1y \u0111\u1ed9t ph\u00e1 n\u00e0y v\u00e0o th\u00f3i quen ch\u0103m s\u00f3c s\u1ee9c kh\u1ecfe c\u1ee7a b\u1ea1n \u0111\u1ec3 khai ph\u00e1 ti\u1ec1m n\u0103ng chuy\u1ec3n h\u00f3a c\u1ee7a n\u00f3 tr\u00ean m\u1ecdi ph\u01b0\u01a1ng di\u1ec7n th\u1ec3 ch\u1ea5t, c\u1ea3m x\u00fac v\u00e0 nh\u1eadn th\u1ee9c.<\/p>","protected":false},"excerpt":{"rendered":"<p data-start=\"300\" data-end=\"693\">M\u1ed9t thi\u1ebft b\u1ecb mang t\u00ednh c\u00e1ch m\u1ea1ng k\u1ebft h\u1ee3p <strong data-start=\"420\" data-end=\"448\">N\u0103ng l\u01b0\u1ee3ng t\u1eeb sinh h\u1ecdc PEMF<\/strong> v\u1edbi <strong data-start=\"454\" data-end=\"483\">C\u00f4ng ngh\u1ec7 s\u00f3ng Terahertz<\/strong> \u0111\u1ec3 kh\u00f4i ph\u1ee5c s\u1ef1 c\u00e2n b\u1eb1ng v\u00e0 s\u1ee9c s\u1ed1ng cho to\u00e0n b\u1ed9 c\u01a1 th\u1ec3. C\u00f4ng ngh\u1ec7 t\u1ea7n s\u1ed1 k\u00e9p n\u00e0y h\u1ed7 tr\u1ee3 qu\u00e1 tr\u00ecnh ch\u1eefa l\u00e0nh t\u1ef1 nhi\u00ean \u1edf c\u1ea5p \u0111\u1ed9 t\u1ebf b\u00e0o, gi\u00fap b\u1ea1n c\u1ea3m th\u1ea5y kh\u1ecfe m\u1ea1nh h\u01a1n, b\u00ecnh t\u0129nh h\u01a1n v\u00e0 tr\u00e0n \u0111\u1ea7y n\u0103ng l\u01b0\u1ee3ng h\u01a1n m\u1ed7i ng\u00e0y.<\/p>\n<p data-start=\"695\" data-end=\"726\"><strong data-start=\"695\" data-end=\"726\">Nh\u1eefng l\u1ee3i \u00edch ti\u1ec1m n\u0103ng bao g\u1ed3m:<\/strong><\/p>\n<ul data-start=\"727\" data-end=\"1138\">\n<li data-start=\"727\" data-end=\"769\">\n<p data-start=\"729\" data-end=\"769\">Th\u00fac \u0111\u1ea9y <strong data-start=\"738\" data-end=\"767\">l\u01b0u th\u00f4ng m\u00e1u kh\u1ecfe m\u1ea1nh<\/strong><\/p>\n<\/li>\n<li data-start=\"770\" data-end=\"819\">\n<p data-start=\"772\" data-end=\"819\">H\u1ed7 tr\u1ee3 c\u01a1 th\u1ec3 <strong data-start=\"792\" data-end=\"817\">ph\u1ea3n \u1ee9ng vi\u00eam<\/strong><\/p>\n<\/li>\n<li data-start=\"820\" data-end=\"868\">\n<p data-start=\"822\" data-end=\"868\">H\u1ed7 tr\u1ee3 trong <strong data-start=\"830\" data-end=\"866\">\u0111i\u1ec1u h\u00f2a c\u0103ng th\u1eb3ng v\u00e0 th\u01b0 gi\u00e3n<\/strong><\/p>\n<\/li>\n<li data-start=\"958\" data-end=\"995\">\n<p data-start=\"960\" data-end=\"995\">T\u0103ng c\u01b0\u1eddng <strong data-start=\"976\" data-end=\"993\">h\u1ec7 mi\u1ec5n d\u1ecbch<\/strong><\/p>\n<\/li>\n<\/ul>","protected":false},"featured_media":109,"comment_status":"open","ping_status":"closed","template":"","meta":{"_kad_blocks_custom_css":"","_kad_blocks_head_custom_js":"","_kad_blocks_body_custom_js":"","_kad_blocks_footer_custom_js":"","_kadence_starter_templates_imported_post":false,"_kad_post_transparent":"default","_kad_post_title":"","_kad_post_layout":"default","_kad_post_sidebar_id":"","_kad_post_content_style":"default","_kad_post_vertical_padding":"default","_kad_post_feature":"","_kad_post_feature_position":"","_kad_post_header":false,"_kad_post_footer":false},"product_brand":[],"product_cat":[55],"product_tag":[],"class_list":{"0":"post-106","1":"product","2":"type-product","3":"status-publish","4":"has-post-thumbnail","6":"product_cat-pemf","7":"product_shipping_class-all-products","9":"first","10":"instock","11":"featured","12":"shipping-taxable","13":"purchasable","14":"product-type-simple","15":"entry","16":"content-bg","17":"loop-entry"},"taxonomy_info":{"product_cat":[{"value":55,"label":"PEMF"}]},"featured_image_src_large":["https:\/\/olylife.international\/wp-content\/uploads\/2025\/10\/olylife-p90-tera.jpg",800,625,false],"author_info":[],"comment_info":0,"_links":{"self":[{"href":"https:\/\/olylife.international\/vn\/wp-json\/wp\/v2\/product\/106","targetHints":{"allow":["GET"]}}],"collection":[{"href":"https:\/\/olylife.international\/vn\/wp-json\/wp\/v2\/product"}],"about":[{"href":"https:\/\/olylife.international\/vn\/wp-json\/wp\/v2\/types\/product"}],"replies":[{"embeddable":true,"href":"https:\/\/olylife.international\/vn\/wp-json\/wp\/v2\/comments?post=106"}],"wp:featuredmedia":[{"embeddable":true,"href":"https:\/\/olylife.international\/vn\/wp-json\/wp\/v2\/media\/109"}],"wp:attachment":[{"href":"https:\/\/olylife.international\/vn\/wp-json\/wp\/v2\/media?parent=106"}],"wp:term":[{"taxonomy":"product_brand","embeddable":true,"href":"https:\/\/olylife.international\/vn\/wp-json\/wp\/v2\/product_brand?post=106"},{"taxonomy":"product_cat","embeddable":true,"href":"https:\/\/olylife.international\/vn\/wp-json\/wp\/v2\/product_cat?post=106"},{"taxonomy":"product_tag","embeddable":true,"href":"https:\/\/olylife.international\/vn\/wp-json\/wp\/v2\/product_tag?post=106"}],"curies":[{"name":"wp","href":"https:\/\/api.w.org\/{rel}","templated":true}]}}